{"id":1703,"date":"2025-10-20T12:13:34","date_gmt":"2025-10-20T12:13:34","guid":{"rendered":"https:\/\/brand-unit.com\/datenschutzerklarung\/"},"modified":"2026-02-04T13:00:46","modified_gmt":"2026-02-04T13:00:46","slug":"datenschutzerklarung","status":"publish","type":"page","link":"https:\/\/www.brand-unit.com\/en\/datenschutzerklarung\/","title":{"rendered":"Datenschutzerkl\u00e4rung"},"content":{"rendered":"\n<p>Erkl\u00e4rung zur Informationspflicht<br><\/p>\n\n\n\n<p>Der Schutz Ihrer pers\u00f6nlichen Daten ist uns ein besonderes Anliegen. Wir verarbeiten Ihre Daten daher ausschlie\u00dflich auf Grundlage der gesetzlichen Bestimmungen (DSGVO, TKG 2003). In dieser Datenschutzerkl\u00e4rung informieren wir Sie \u00fcber die wichtigsten Aspekte der Datenverarbeitung im Rahmen unserer Website.<\/p>\n\n\n\n<p><\/p>\n","protected":false},"excerpt":{"rendered":"<p>Erkl\u00e4rung zur Informationspflicht Der Schutz Ihrer pers\u00f6nlichen Daten ist uns ein besonderes Anliegen. Wir verarbeiten Ihre Daten daher ausschlie\u00dflich auf Grundlage der gesetzlichen Bestimmungen (DSGVO, TKG 2003). In dieser Datenschutzerkl\u00e4rung informieren wir Sie \u00fcber die wichtigsten Aspekte der Datenverarbeitung im Rahmen unserer Website.<\/p>\n","protected":false},"author":1,"featured_media":0,"parent":0,"menu_order":0,"comment_status":"closed","ping_status":"closed","template":"","meta":{"_acf_changed":false,"footnotes":""},"class_list":["post-1703","page","type-page","status-publish","hentry"],"acf":[],"yoast_head":"<!-- This site is optimized with the Yoast SEO plugin v27.0 - https:\/\/yoast.com\/product\/yoast-seo-wordpress\/ -->\n<title>Datenschutzerkl\u00e4rung - brand-unit<\/title>\n<meta name=\"robots\" content=\"index, follow, max-snippet:-1, max-image-preview:large, max-video-preview:-1\" \/>\n<link rel=\"canonical\" href=\"https:\/\/www.brand-unit.com\/en\/datenschutzerklarung\/\" \/>\n<meta property=\"og:locale\" content=\"en_US\" \/>\n<meta property=\"og:type\" content=\"article\" \/>\n<meta property=\"og:title\" content=\"Datenschutzerkl\u00e4rung - brand-unit\" \/>\n<meta property=\"og:description\" content=\"Erkl\u00e4rung zur Informationspflicht Der Schutz Ihrer pers\u00f6nlichen Daten ist uns ein besonderes Anliegen. Wir verarbeiten Ihre Daten daher ausschlie\u00dflich auf Grundlage der gesetzlichen Bestimmungen (DSGVO, TKG 2003). In dieser Datenschutzerkl\u00e4rung informieren wir Sie \u00fcber die wichtigsten Aspekte der Datenverarbeitung im Rahmen unserer Website.\" \/>\n<meta property=\"og:url\" content=\"https:\/\/www.brand-unit.com\/en\/datenschutzerklarung\/\" \/>\n<meta property=\"og:site_name\" content=\"brand-unit\" \/>\n<meta property=\"article:modified_time\" content=\"2026-02-04T13:00:46+00:00\" \/>\n<meta name=\"twitter:card\" content=\"summary_large_image\" \/>\n<script type=\"application\/ld+json\" class=\"yoast-schema-graph\">{\"@context\":\"https:\/\/schema.org\",\"@graph\":[{\"@type\":\"WebPage\",\"@id\":\"https:\/\/www.brand-unit.com\/en\/datenschutzerklarung\/\",\"url\":\"https:\/\/www.brand-unit.com\/en\/datenschutzerklarung\/\",\"name\":\"Datenschutzerkl\u00e4rung - brand-unit\",\"isPartOf\":{\"@id\":\"https:\/\/www.brand-unit.com\/#website\"},\"datePublished\":\"2025-10-20T12:13:34+00:00\",\"dateModified\":\"2026-02-04T13:00:46+00:00\",\"breadcrumb\":{\"@id\":\"https:\/\/www.brand-unit.com\/en\/datenschutzerklarung\/#breadcrumb\"},\"inLanguage\":\"en-US\",\"potentialAction\":[{\"@type\":\"ReadAction\",\"target\":[\"https:\/\/www.brand-unit.com\/en\/datenschutzerklarung\/\"]}]},{\"@type\":\"BreadcrumbList\",\"@id\":\"https:\/\/www.brand-unit.com\/en\/datenschutzerklarung\/#breadcrumb\",\"itemListElement\":[{\"@type\":\"ListItem\",\"position\":1,\"name\":\"Start\",\"item\":\"https:\/\/www.brand-unit.com\/en\/\"},{\"@type\":\"ListItem\",\"position\":2,\"name\":\"Datenschutzerkl\u00e4rung\"}]},{\"@type\":\"WebSite\",\"@id\":\"https:\/\/www.brand-unit.com\/#website\",\"url\":\"https:\/\/www.brand-unit.com\/\",\"name\":\"brand-unit\",\"description\":\"\",\"potentialAction\":[{\"@type\":\"SearchAction\",\"target\":{\"@type\":\"EntryPoint\",\"urlTemplate\":\"https:\/\/www.brand-unit.com\/?s={search_term_string}\"},\"query-input\":{\"@type\":\"PropertyValueSpecification\",\"valueRequired\":true,\"valueName\":\"search_term_string\"}}],\"inLanguage\":\"en-US\"}]}<\/script>\n<!-- \/ Yoast SEO plugin. -->","yoast_head_json":{"title":"Datenschutzerkl\u00e4rung - brand-unit","robots":{"index":"index","follow":"follow","max-snippet":"max-snippet:-1","max-image-preview":"max-image-preview:large","max-video-preview":"max-video-preview:-1"},"canonical":"https:\/\/www.brand-unit.com\/en\/datenschutzerklarung\/","og_locale":"en_US","og_type":"article","og_title":"Datenschutzerkl\u00e4rung - brand-unit","og_description":"Erkl\u00e4rung zur Informationspflicht Der Schutz Ihrer pers\u00f6nlichen Daten ist uns ein besonderes Anliegen. Wir verarbeiten Ihre Daten daher ausschlie\u00dflich auf Grundlage der gesetzlichen Bestimmungen (DSGVO, TKG 2003). In dieser Datenschutzerkl\u00e4rung informieren wir Sie \u00fcber die wichtigsten Aspekte der Datenverarbeitung im Rahmen unserer Website.","og_url":"https:\/\/www.brand-unit.com\/en\/datenschutzerklarung\/","og_site_name":"brand-unit","article_modified_time":"2026-02-04T13:00:46+00:00","twitter_card":"summary_large_image","schema":{"@context":"https:\/\/schema.org","@graph":[{"@type":"WebPage","@id":"https:\/\/www.brand-unit.com\/en\/datenschutzerklarung\/","url":"https:\/\/www.brand-unit.com\/en\/datenschutzerklarung\/","name":"Datenschutzerkl\u00e4rung - brand-unit","isPartOf":{"@id":"https:\/\/www.brand-unit.com\/#website"},"datePublished":"2025-10-20T12:13:34+00:00","dateModified":"2026-02-04T13:00:46+00:00","breadcrumb":{"@id":"https:\/\/www.brand-unit.com\/en\/datenschutzerklarung\/#breadcrumb"},"inLanguage":"en-US","potentialAction":[{"@type":"ReadAction","target":["https:\/\/www.brand-unit.com\/en\/datenschutzerklarung\/"]}]},{"@type":"BreadcrumbList","@id":"https:\/\/www.brand-unit.com\/en\/datenschutzerklarung\/#breadcrumb","itemListElement":[{"@type":"ListItem","position":1,"name":"Start","item":"https:\/\/www.brand-unit.com\/en\/"},{"@type":"ListItem","position":2,"name":"Datenschutzerkl\u00e4rung"}]},{"@type":"WebSite","@id":"https:\/\/www.brand-unit.com\/#website","url":"https:\/\/www.brand-unit.com\/","name":"brand-unit","description":"","potentialAction":[{"@type":"SearchAction","target":{"@type":"EntryPoint","urlTemplate":"https:\/\/www.brand-unit.com\/?s={search_term_string}"},"query-input":{"@type":"PropertyValueSpecification","valueRequired":true,"valueName":"search_term_string"}}],"inLanguage":"en-US"}]}},"_links":{"self":[{"href":"https:\/\/www.brand-unit.com\/en\/wp-json\/wp\/v2\/pages\/1703","targetHints":{"allow":["GET"]}}],"collection":[{"href":"https:\/\/www.brand-unit.com\/en\/wp-json\/wp\/v2\/pages"}],"about":[{"href":"https:\/\/www.brand-unit.com\/en\/wp-json\/wp\/v2\/types\/page"}],"author":[{"embeddable":true,"href":"https:\/\/www.brand-unit.com\/en\/wp-json\/wp\/v2\/users\/1"}],"replies":[{"embeddable":true,"href":"https:\/\/www.brand-unit.com\/en\/wp-json\/wp\/v2\/comments?post=1703"}],"version-history":[{"count":4,"href":"https:\/\/www.brand-unit.com\/en\/wp-json\/wp\/v2\/pages\/1703\/revisions"}],"predecessor-version":[{"id":3088,"href":"https:\/\/www.brand-unit.com\/en\/wp-json\/wp\/v2\/pages\/1703\/revisions\/3088"}],"wp:attachment":[{"href":"https:\/\/www.brand-unit.com\/en\/wp-json\/wp\/v2\/media?parent=1703"}],"curies":[{"name":"wp","href":"https:\/\/api.w.org\/{rel}","templated":true}]}}